{"id":439,"date":"2026-02-26T14:58:03","date_gmt":"2026-02-26T14:58:03","guid":{"rendered":"https:\/\/bodymap.primomedical.ch\/?page_id=439"},"modified":"2026-02-26T15:00:08","modified_gmt":"2026-02-26T15:00:08","slug":"domains","status":"publish","type":"page","link":"https:\/\/bodymap.primomedical.ch\/fr\/domains\/","title":{"rendered":"Domaines fonctionnels"},"content":{"rendered":"<p>[et_pb_section fb_built=&#8221;1&#8243; _builder_version=&#8221;4.27.4&#8243; _module_preset=&#8221;default&#8221; global_colors_info=&#8221;{}&#8221;][et_pb_row column_structure=&#8221;1_3,1_3,1_3&#8243; use_custom_gutter=&#8221;on&#8221; gutter_width=&#8221;2&#8243; make_equal=&#8221;on&#8221; disabled_on=&#8221;off|off|off&#8221; _builder_version=&#8221;4.27.4&#8243; _module_preset=&#8221;default&#8221; max_width=&#8221;1200px&#8221; custom_margin=&#8221;-30px||0px||false|false&#8221; global_colors_info=&#8221;{}&#8221;][et_pb_column type=&#8221;1_3&#8243; _builder_version=&#8221;4.27.4&#8243; _module_preset=&#8221;default&#8221; border_radii=&#8221;on|10px|10px|10px|10px&#8221; box_shadow_style=&#8221;preset1&#8243; global_colors_info=&#8221;{}&#8221;][et_pb_blurb image=&#8221;https:\/\/bodymap.primomedical.ch\/wp-content\/uploads\/2025\/09\/weight-gain.png&#8221; content_max_width=&#8221;95px&#8221; module_class=&#8221;click-card&#8221; _builder_version=&#8221;4.27.4&#8243; _module_preset=&#8221;default&#8221; header_level=&#8221;h2&#8243; header_text_align=&#8221;center&#8221; body_text_align=&#8221;center&#8221; body_text_color=&#8221;#012B5B&#8221; image_icon_custom_margin=&#8221;||||false|false&#8221; image_icon_custom_padding=&#8221;||||false|false&#8221; text_orientation=&#8221;center&#8221; custom_margin=&#8221;20px||||false|false&#8221; link_option_url=&#8221;https:\/\/bodymap.primomedical.ch\/wm&#8221; custom_css_free_form=&#8221;.et_pb_blurb .et_pb_main_blurb_image {||  margin-bottom: 0px; \/* r\u00e9duit l\u2019espace entre l\u2019image et le texte *\/||}||||&#8221; border_radii=&#8221;on|10px|10px|10px|10px&#8221; global_colors_info=&#8221;{}&#8221;]<\/p>\n<p>Weight &amp; metabolism<\/p>\n<p>[\/et_pb_blurb][\/et_pb_column][et_pb_column type=&#8221;1_3&#8243; _builder_version=&#8221;4.27.4&#8243; _module_preset=&#8221;default&#8221; border_radii=&#8221;on|10px|10px|10px|10px&#8221; box_shadow_style=&#8221;preset1&#8243; global_colors_info=&#8221;{}&#8221;][et_pb_blurb image=&#8221;https:\/\/bodymap.primomedical.ch\/wp-content\/uploads\/2025\/09\/skin-1.png&#8221; content_max_width=&#8221;95px&#8221; _builder_version=&#8221;4.27.4&#8243; _module_preset=&#8221;default&#8221; header_level=&#8221;h2&#8243; header_text_align=&#8221;center&#8221; body_text_align=&#8221;center&#8221; body_text_color=&#8221;#012B5B&#8221; image_icon_custom_margin=&#8221;||||false|false&#8221; image_icon_custom_padding=&#8221;||||false|false&#8221; text_orientation=&#8221;center&#8221; custom_margin=&#8221;20px||||false|false&#8221; link_option_url=&#8221;https:\/\/bodymap.primomedical.ch\/skin-3&#8243; custom_css_free_form=&#8221;.et_pb_blurb .et_pb_main_blurb_image {||  margin-bottom: 0px; \/* r\u00e9duit l\u2019espace entre l\u2019image et le texte *\/||}||||&#8221; global_colors_info=&#8221;{}&#8221;]<\/p>\n<p>Skin &amp;\u00a0 hair<\/p>\n<p>[\/et_pb_blurb][\/et_pb_column][et_pb_column type=&#8221;1_3&#8243; _builder_version=&#8221;4.27.4&#8243; _module_preset=&#8221;default&#8221; border_radii=&#8221;on|10px|10px|10px|10px&#8221; box_shadow_style=&#8221;preset1&#8243; global_colors_info=&#8221;{}&#8221;][et_pb_blurb image=&#8221;https:\/\/bodymap.primomedical.ch\/wp-content\/uploads\/2025\/09\/joint-pain.png&#8221; content_max_width=&#8221;95px&#8221; _builder_version=&#8221;4.27.4&#8243; _module_preset=&#8221;default&#8221; header_level=&#8221;h2&#8243; header_text_align=&#8221;center&#8221; body_text_align=&#8221;center&#8221; body_text_color=&#8221;#012B5B&#8221; image_icon_custom_margin=&#8221;||||false|false&#8221; image_icon_custom_padding=&#8221;||||false|false&#8221; text_orientation=&#8221;center&#8221; custom_margin=&#8221;20px||||false|false&#8221; link_option_url=&#8221;https:\/\/bodymap.primomedical.ch\/immunity&#8221; custom_css_free_form=&#8221;.et_pb_blurb .et_pb_main_blurb_image {||  margin-bottom: 0px; \/* r\u00e9duit l\u2019espace entre l\u2019image et le texte *\/||}||||&#8221; locked=&#8221;off&#8221; global_colors_info=&#8221;{}&#8221;]<\/p>\n<p>Immunity &amp; resilience<\/p>\n<p>[\/et_pb_blurb][\/et_pb_column][\/et_pb_row][et_pb_row column_structure=&#8221;1_3,1_3,1_3&#8243; use_custom_gutter=&#8221;on&#8221; gutter_width=&#8221;2&#8243; make_equal=&#8221;on&#8221; disabled_on=&#8221;off|off|off&#8221; _builder_version=&#8221;4.27.4&#8243; _module_preset=&#8221;default&#8221; max_width=&#8221;1200px&#8221; custom_margin=&#8221;20px||0px||false|false&#8221; global_colors_info=&#8221;{}&#8221;][et_pb_column type=&#8221;1_3&#8243; _builder_version=&#8221;4.27.4&#8243; _module_preset=&#8221;default&#8221; border_radii=&#8221;on|10px|10px|10px|10px&#8221; box_shadow_style=&#8221;preset1&#8243; global_colors_info=&#8221;{}&#8221;][et_pb_blurb image=&#8221;https:\/\/bodymap.primomedical.ch\/wp-content\/uploads\/2025\/09\/pain.png&#8221; content_max_width=&#8221;95px&#8221; _builder_version=&#8221;4.27.4&#8243; _module_preset=&#8221;default&#8221; header_level=&#8221;h2&#8243; header_text_align=&#8221;center&#8221; body_text_align=&#8221;center&#8221; body_text_color=&#8221;#012B5B&#8221; image_icon_custom_margin=&#8221;||||false|false&#8221; image_icon_custom_padding=&#8221;||||false|false&#8221; text_orientation=&#8221;center&#8221; custom_margin=&#8221;20px||||false|false&#8221; link_option_url=&#8221;https:\/\/bodymap.primomedical.ch\/mood&#8221; custom_css_free_form=&#8221;.et_pb_blurb .et_pb_main_blurb_image {||  margin-bottom: 0px; \/* r\u00e9duit l\u2019espace entre l\u2019image et le texte *\/||}||||&#8221; locked=&#8221;off&#8221; global_colors_info=&#8221;{}&#8221;]<\/p>\n<p>Mood &amp; focus<\/p>\n<p>[\/et_pb_blurb][\/et_pb_column][et_pb_column type=&#8221;1_3&#8243; _builder_version=&#8221;4.27.4&#8243; _module_preset=&#8221;default&#8221; border_radii=&#8221;on|10px|10px|10px|10px&#8221; box_shadow_style=&#8221;preset1&#8243; global_colors_info=&#8221;{}&#8221;][et_pb_blurb image=&#8221;https:\/\/bodymap.primomedical.ch\/wp-content\/uploads\/2025\/09\/fatigue.png&#8221; content_max_width=&#8221;95px&#8221; _builder_version=&#8221;4.27.4&#8243; _module_preset=&#8221;default&#8221; header_level=&#8221;h2&#8243; header_text_align=&#8221;center&#8221; body_text_align=&#8221;center&#8221; body_text_color=&#8221;#012B5B&#8221; image_icon_custom_margin=&#8221;||||false|false&#8221; image_icon_custom_padding=&#8221;||||false|false&#8221; text_orientation=&#8221;center&#8221; custom_margin=&#8221;20px||||false|false&#8221; link_option_url=&#8221;https:\/\/bodymap.primomedical.ch\/vitality&#8221; custom_css_free_form=&#8221;.et_pb_blurb .et_pb_main_blurb_image {||  margin-bottom: 0px; \/* r\u00e9duit l\u2019espace entre l\u2019image et le texte *\/||}||||&#8221; locked=&#8221;off&#8221; global_colors_info=&#8221;{}&#8221;]<\/p>\n<p>Hormones &amp; vitality<\/p>\n<p>[\/et_pb_blurb][\/et_pb_column][et_pb_column type=&#8221;1_3&#8243; _builder_version=&#8221;4.27.4&#8243; _module_preset=&#8221;default&#8221; border_radii=&#8221;on|10px|10px|10px|10px&#8221; box_shadow_style=&#8221;preset1&#8243; global_colors_info=&#8221;{}&#8221;][et_pb_blurb image=&#8221;https:\/\/bodymap.primomedical.ch\/wp-content\/uploads\/2025\/09\/sleep.png&#8221; content_max_width=&#8221;95px&#8221; _builder_version=&#8221;4.27.4&#8243; _module_preset=&#8221;default&#8221; header_level=&#8221;h2&#8243; header_text_align=&#8221;center&#8221; body_text_align=&#8221;center&#8221; body_text_color=&#8221;#012B5B&#8221; image_icon_custom_margin=&#8221;||||false|false&#8221; image_icon_custom_padding=&#8221;||||false|false&#8221; text_orientation=&#8221;center&#8221; custom_margin=&#8221;20px||||false|false&#8221; link_option_url=&#8221;https:\/\/bodymap.primomedical.ch\/sleep-2&#8243; custom_css_free_form=&#8221;.et_pb_blurb .et_pb_main_blurb_image {||  margin-bottom: 0px; \/* r\u00e9duit l\u2019espace entre l\u2019image et le texte *\/||}||||&#8221; locked=&#8221;off&#8221; global_colors_info=&#8221;{}&#8221;]<\/p>\n<p>Sleep &amp; energy<\/p>\n<p>[\/et_pb_blurb][\/et_pb_column][\/et_pb_row][\/et_pb_section][et_pb_section fb_built=&#8221;1&#8243; _builder_version=&#8221;4.27.4&#8243; _module_preset=&#8221;default&#8221; global_colors_info=&#8221;{}&#8221;][et_pb_row _builder_version=&#8221;4.27.4&#8243; _module_preset=&#8221;default&#8221; max_width=&#8221;1200px&#8221; global_colors_info=&#8221;{}&#8221;][et_pb_column type=&#8221;4_4&#8243; _builder_version=&#8221;4.27.4&#8243; _module_preset=&#8221;default&#8221; global_colors_info=&#8221;{}&#8221;][et_pb_code _builder_version=&#8221;4.27.4&#8243; _module_preset=&#8221;default&#8221; background_color=&#8221;RGBA(255,255,255,0)&#8221; global_colors_info=&#8221;{}&#8221;]<div class=\"strong-view strong-view-id-1 unstyled wpmtst-unstyled \/* Nom (H4) *\/ testimonial-name \/* M\u00e9tadonn\u00e9es (si utilis\u00e9es) *\/ testimonial-client-meta \/* Corps du t\u00e9moignage *\/ testimonial-content \/* Espacement entre items *\/ wpmtst-testimonial \/* Guillemets discrets au d\u00e9but (optionnel) *\/ testimonial-content:before \/* Mobile: un peu plus compact *\/ @media (max-width: 980px) testimonial-content } slider-container carousel slider-mode-horizontal slider-adaptive\" data-count=6 data-slider-var=strong_slider_id_1 data-state=idle><div class=\"strong-content wpmslider-content\"><div class=\"wpmtst-testimonial testimonial t-slide post-241\"><div class=\"wpmtst-testimonial-inner testimonial-inner\"><h3 class=\"wpmtst-testimonial-heading testimonial-heading\">Marc L.<\/h3><div data-infinite-loop=\"false\" class=\"wpmtst-testimonial-content testimonial-content\"><div class=\"maybe-clear\"><\/div><p>At first I was skeptical. But the report is clear and easy to understand. I changed a few habits and I now have more energy.<\/p><\/div><div class=\"clear\"><\/div><\/div><\/div><div class=\"wpmtst-testimonial testimonial t-slide post-240\"><div class=\"wpmtst-testimonial-inner testimonial-inner\"><h3 class=\"wpmtst-testimonial-heading testimonial-heading\">Anna. R<\/h3><div data-infinite-loop=\"false\" class=\"wpmtst-testimonial-content testimonial-content\"><div class=\"maybe-clear\"><\/div><p>I had constant bloating that no one could explain. Thanks to this test, I discovered my food intolerances and minerals deficiencies. The adjustments suggested really improved my life.<\/p><\/div><div class=\"clear\"><\/div><\/div><\/div><div class=\"wpmtst-testimonial testimonial t-slide post-242\"><div class=\"wpmtst-testimonial-inner testimonial-inner\"><h3 class=\"wpmtst-testimonial-heading testimonial-heading\">Sophie D.<\/h3><div data-infinite-loop=\"false\" class=\"wpmtst-testimonial-content testimonial-content\"><div class=\"maybe-clear\"><\/div><p>This test gave me concrete answers about my digestive problems. I really appreciated the practical plan, not just numbers.<\/p><\/div><div class=\"clear\"><\/div><\/div><\/div><div class=\"wpmtst-testimonial testimonial t-slide post-245\"><div class=\"wpmtst-testimonial-inner testimonial-inner\"><h3 class=\"wpmtst-testimonial-heading testimonial-heading\">Julie T.<\/h3><div data-infinite-loop=\"false\" class=\"wpmtst-testimonial-content testimonial-content\"><div class=\"maybe-clear\"><\/div><p>Fast, simple and insightful. I liked receiving a full report that goes beyond a simple medical analysis. It really gives you keys to take action.<\/p><\/div><div class=\"clear\"><\/div><\/div><\/div><div class=\"wpmtst-testimonial testimonial t-slide post-244\"><div class=\"wpmtst-testimonial-inner testimonial-inner\"><h3 class=\"wpmtst-testimonial-heading testimonial-heading\">Emily B.<\/h3><div data-infinite-loop=\"false\" class=\"wpmtst-testimonial-content testimonial-content\"><div class=\"maybe-clear\"><\/div><p>I struggled for years to lose weight, no matter what I tried. This test revealed hidden inflammations and intolerances to gluten, lactose, and even wine. Once I adjusted my diet, the change was incredible \u2014 my digestion improved and the extra weight finally started to come off.<\/p><\/div><div class=\"clear\"><\/div><\/div><\/div><div class=\"wpmtst-testimonial testimonial t-slide post-243\"><div class=\"wpmtst-testimonial-inner testimonial-inner\"><h3 class=\"wpmtst-testimonial-heading testimonial-heading\">Clara J.<\/h3><div data-infinite-loop=\"false\" class=\"wpmtst-testimonial-content testimonial-content\"><div class=\"maybe-clear\"><\/div><p>The report helped me understand my imbalances. I even showed the results to my doctor, who confirmed some of the findings.<\/p><\/div><div class=\"clear\"><\/div><\/div><\/div><\/div><\/div>[\/et_pb_code][\/et_pb_column][\/et_pb_row][\/et_pb_section]<\/p>\n","protected":false},"excerpt":{"rendered":"<p>Weight &amp; metabolismSkin &amp;\u00a0 hairImmunity &amp; resilienceMood &amp; focusHormones &amp; vitalitySleep &amp; energy<div class=\"strong-view strong-view-id-1 unstyled wpmtst-unstyled \/* Nom (H4) *\/ testimonial-name \/* M\u00e9tadonn\u00e9es (si utilis\u00e9es) *\/ testimonial-client-meta \/* Corps du t\u00e9moignage *\/ testimonial-content \/* Espacement entre items *\/ wpmtst-testimonial \/* Guillemets discrets au d\u00e9but (optionnel) *\/ testimonial-content:before \/* Mobile: un peu plus compact *\/ @media (max-width: 980px) testimonial-content } slider-container carousel slider-mode-horizontal slider-adaptive\" data-count=\"6\" data-slider-var=\"strong_slider_id_1\" data-state=\"idle\"><div class=\"strong-content wpmslider-content\"><div class=\"wpmtst-testimonial testimonial t-slide post-245\"><div class=\"wpmtst-testimonial-inner testimonial-inner\"><h3 class=\"wpmtst-testimonial-heading testimonial-heading\">Julie T.<\/h3><div data-infinite-loop=\"false\" class=\"wpmtst-testimonial-content testimonial-content\"><div class=\"maybe-clear\"><\/div><p>Fast, simple and insightful. I liked receiving a full report that goes beyond a simple medical analysis. It really gives you keys to take action.<\/p><\/div><div class=\"clear\"><\/div><\/div><\/div><div class=\"wpmtst-testimonial testimonial t-slide post-244\"><div class=\"wpmtst-testimonial-inner testimonial-inner\"><h3 class=\"wpmtst-testimonial-heading testimonial-heading\">Emily B.<\/h3><div data-infinite-loop=\"false\" class=\"wpmtst-testimonial-content testimonial-content\"><div class=\"maybe-clear\"><\/div><p>I struggled for years to lose weight, no matter what I tried. This test revealed hidden inflammations and intolerances to gluten, lactose, and even wine. Once I adjusted my diet, the change was incredible \u2014 my digestion improved and the extra weight finally started to come off.<\/p><\/div><div class=\"clear\"><\/div><\/div><\/div><div class=\"wpmtst-testimonial testimonial t-slide post-240\"><div class=\"wpmtst-testimonial-inner testimonial-inner\"><h3 class=\"wpmtst-testimonial-heading testimonial-heading\">Anna. R<\/h3><div data-infinite-loop=\"false\" class=\"wpmtst-testimonial-content testimonial-content\"><div class=\"maybe-clear\"><\/div><p>I had constant bloating that no one could explain. Thanks to this test, I discovered my food intolerances and minerals deficiencies. The adjustments suggested really improved my life.<\/p><\/div><div class=\"clear\"><\/div><\/div><\/div><div class=\"wpmtst-testimonial testimonial t-slide post-242\"><div class=\"wpmtst-testimonial-inner testimonial-inner\"><h3 class=\"wpmtst-testimonial-heading testimonial-heading\">Sophie D.<\/h3><div data-infinite-loop=\"false\" class=\"wpmtst-testimonial-content testimonial-content\"><div class=\"maybe-clear\"><\/div><p>This test gave me concrete answers about my digestive problems. I really appreciated the practical plan, not just numbers.<\/p><\/div><div class=\"clear\"><\/div><\/div><\/div><div class=\"wpmtst-testimonial testimonial t-slide post-243\"><div class=\"wpmtst-testimonial-inner testimonial-inner\"><h3 class=\"wpmtst-testimonial-heading testimonial-heading\">Clara J.<\/h3><div data-infinite-loop=\"false\" class=\"wpmtst-testimonial-content testimonial-content\"><div class=\"maybe-clear\"><\/div><p>The report helped me understand my imbalances. I even showed the results to my doctor, who confirmed some of the findings.<\/p><\/div><div class=\"clear\"><\/div><\/div><\/div><div class=\"wpmtst-testimonial testimonial t-slide post-241\"><div class=\"wpmtst-testimonial-inner testimonial-inner\"><h3 class=\"wpmtst-testimonial-heading testimonial-heading\">Marc L.<\/h3><div data-infinite-loop=\"false\" class=\"wpmtst-testimonial-content testimonial-content\"><div class=\"maybe-clear\"><\/div><p>At first I was skeptical. But the report is clear and easy to understand. I changed a few habits and I now have more energy.<\/p><\/div><div class=\"clear\"><\/div><\/div><\/div><\/div><\/div><\/p>","protected":false},"author":1,"featured_media":0,"parent":0,"menu_order":0,"comment_status":"closed","ping_status":"closed","template":"","meta":{"_et_pb_use_builder":"on","_et_pb_old_content":"","_et_gb_content_width":"","footnotes":""},"class_list":["post-439","page","type-page","status-publish","hentry"],"_links":{"self":[{"href":"https:\/\/bodymap.primomedical.ch\/fr\/wp-json\/wp\/v2\/pages\/439","targetHints":{"allow":["GET"]}}],"collection":[{"href":"https:\/\/bodymap.primomedical.ch\/fr\/wp-json\/wp\/v2\/pages"}],"about":[{"href":"https:\/\/bodymap.primomedical.ch\/fr\/wp-json\/wp\/v2\/types\/page"}],"author":[{"embeddable":true,"href":"https:\/\/bodymap.primomedical.ch\/fr\/wp-json\/wp\/v2\/users\/1"}],"replies":[{"embeddable":true,"href":"https:\/\/bodymap.primomedical.ch\/fr\/wp-json\/wp\/v2\/comments?post=439"}],"version-history":[{"count":9,"href":"https:\/\/bodymap.primomedical.ch\/fr\/wp-json\/wp\/v2\/pages\/439\/revisions"}],"predecessor-version":[{"id":512,"href":"https:\/\/bodymap.primomedical.ch\/fr\/wp-json\/wp\/v2\/pages\/439\/revisions\/512"}],"wp:attachment":[{"href":"https:\/\/bodymap.primomedical.ch\/fr\/wp-json\/wp\/v2\/media?parent=439"}],"curies":[{"name":"wp","href":"https:\/\/api.w.org\/{rel}","templated":true}]}}